{"id":471,"date":"2011-07-07T12:57:41","date_gmt":"2011-07-07T11:57:41","guid":{"rendered":"http:\/\/www.lacasadellartista.com\/blog\/it\/?page_id=471"},"modified":"2015-06-03T09:37:03","modified_gmt":"2015-06-03T08:37:03","slug":"privacy","status":"publish","type":"page","link":"https:\/\/www.lacasadellartista.com\/blog\/it\/privacy\/","title":{"rendered":"Privacy"},"content":{"rendered":"\n<div style=\"\">\n<g:plusone size=\"standard\" count=\"true\"><\/g:plusone>\n<\/div>\n<p><span style=\"font-family: Verdana; font-size: x-small;\"><strong>INFORMATIVA AI SENSI ART. 13 DECRETO LEGISLATIVO 196\/2003<\/strong><\/span><\/p>\n<p><span style=\"font-family: Verdana; font-size: x-small;\">Ai sensi dell&#8217;articolo 13 del Decreto Legislativo n.196\/2003, La informiamo che:<\/span><\/p>\n<p>1. tratteremo le informazioni forniteci per predisporre il preventivo richiesto;<br \/>\n2. i dati non saranno oggetto di diffusione ovvero di comunicazione ad altre societ\u00e0;<br \/>\n3. i dati potranno essere utilizzati per inviarvi materiale e\/o offerte da parte nostra;<br \/>\n4. in qualunque momento potrete esercitare i diritti di cui all&#8217;art. 7 del D.lgs 196\/2003.<\/p>\n<p>Oggetto: Informativa ex art. 13 D.Lgs. 196\/2003<br \/>\nLa informiamo con la presente che il Decreto Legislativo n. 196 del 30 giugno 2003 (\u201cCodice in materia di protezione dei dati personali\u201c) prevede la tutela delle persone e di altri soggetti rispetto al trattamento dei dati personali.<br \/>\nAi sensi della predetta normativa, il trattamento dei Suoi dati personali sar\u00e0 improntato ai principi di correttezza, liceit\u00e0 e trasparenza e di tutela della Sua riservatezza e dei Suoi diritti.<br \/>\nAi sensi dell&#8217;art. 13 del Decreto Legislativo n. 196 del 30 giugno 2003, Le forniamo le seguenti informazioni:<\/p>\n<p><strong>1. Finalit\u00e0 e modalit\u00e0 del trattamento dei dati<\/strong><br \/>\nI dati personali da Lei forniti verranno trattati esclusivamente per finalit\u00e0 strettamente connesse e strumentali all&#8217;esecuzione del servizio richiesto:<br \/>\n&#8211; per l&#8217;inserimento delle anagrafiche nel nostro data base informatico;<br \/>\n&#8211; per fornire le informazioni desiderate;<br \/>\n&#8211; per la tenuta della contabilit\u00e0;<br \/>\n&#8211; per adempiere agli obblighi previsti dalle norme di legge civilistiche e fiscali, dai regolamenti, dalla normativa comunitaria.<br \/>\nIl trattamento sar\u00e0 effettuato tramite supporti cartacei ed informatici dal titolare, dal responsabile e dagli incaricati con l&#8217;osservanza di ogni misura cautelativa, che ne garantisca la sicurezza e riservatezza.<\/p>\n<p><strong>2. Natura della raccolta dei dati e conseguenze di un eventuale mancato conferimento<\/strong><br \/>\nIl conferimento dei Suoi dati personali \u00e8 [facoltativo\/obbligatorio] al fine di adempiere alle Sue richieste nonch\u00e8, in generale, agli adempimenti di legge.<br \/>\nIl loro eventuale mancato conferimento potrebbe comportare l&#8217;impossibilit\u00e0 di fornire il servizio richiesto.<\/p>\n<p><strong>3. Comunicazione e diffusione dei dati<\/strong><br \/>\nI Suoi dati personali potranno essere comunicati per le finalit\u00e0 sopra indicate:<br \/>\n&#8211; a tutte le persone fisiche e giuridiche (studi di consulenza legale, amministrativa, fiscale, del lavoro, centri elaborazione dati, camere di commercio, Camere<br \/>\ned Uffici del lavoro, fondi di previdenza ed assistenza, associazioni di categoria etc.);<br \/>\n&#8211; ad istituti bancari per la gestione degli incassi e dei pagamenti;<br \/>\n&#8211; ai nostri collaboratori appositamente incaricati e nell&#8217;ambito delle relative mansioni;<br \/>\nPer le medesime finalit\u00e0, se necessario, i dati possono essere trasferiti al di fuori del territorio nazionale.<br \/>\nI dati raccolti non sono oggetto di diffusione\/possono essere diffusi [specificare l&#8217;ambito di diffusione].<br \/>\ncon il termine comunicazione si intende il \u201cdare conoscenza dei dati personali a uno o pi\u00f9 soggetti diversi dall&#8217;interessato, dal rappresentante del titolare nel territorio dello Stato, dal responsabile e dagli incaricati, in qualunque forma, anche mediante la loro messa a disposizione o consultazione\u201c;<br \/>\ncon il termine diffusione si intende il \u201cdare conoscenza dei dati personali a soggetti indeterminati, in qualunque forma, anche mediante la loro messa a disposizione o consultazione\u201c;<\/p>\n<p><strong>4. Diritti dell&#8217;interessato<\/strong><br \/>\nIn ogni momento potr\u00e0 esercitare i Suoi diritti nei confronti del titolare del trattamento ai sensi dell&#8217;art. 7 del Decreto Legislativo n. 196 del 30 giugno 2003, che per Sua comodit\u00e0 riproduciamo.<br \/>\n1. L&#8217;interessato ha diritto di ottenere la conferma dell&#8217;esistenza o meno di dati personali che lo riguardano, anche se non ancora registrati, e la<br \/>\nloro comunicazione in forma intelligibile.<br \/>\n2. L&#8217;interessato ha diritto di ottenere l&#8217;indicazione:<br \/>\na) dell&#8217;origine dei dati personali;<br \/>\nb) delle finalit\u00e0 e modalit\u00e0 del trattamento;<br \/>\nc) della logica applicata in caso di trattamento effettuato con l&#8217;ausilio di strumenti elettronici;<br \/>\nd) degli estremi identificativi del titolare, dei responsabili e del rappresentante designato ai sensi dell&#8217;articolo 5, comma 2;<br \/>\ne) dei soggetti o delle categorie di soggetti ai quali i dati personali possono essere comunicati o che possono venirne a conoscenza in qualit\u00e0 di<br \/>\nrappresentante designato nel territorio dello Stato, di responsabili o incaricati.<br \/>\n3. L&#8217;interessato ha diritto di ottenere:<br \/>\na) l&#8217;aggiornamento, la rettificazione ovvero, quando vi ha interesse, l&#8217;integrazione dei dati;<br \/>\nb) la cancellazione, la trasformazione in forma anonima o il blocco dei dati trattati in violazione di legge, compresi quelli di cui non \u00e8 necessaria<br \/>\nla conservazione in relazione agli scopi per i quali i dati sono stati raccolti o successivamente trattati;<br \/>\nc) l&#8217;attestazione che le operazioni di cui alle lettere a) e b) sono state portate a conoscenza, anche per quanto riguarda il loro contenuto, di<br \/>\ncoloro ai quali i dati sono stati comunicati o diffusi, eccettuato il caso in cui tale adempimento si rivela impossibile o comporta un impiego di<br \/>\nmezzi manifestamente sproporzionato rispetto al diritto tutelato.<br \/>\n4. L&#8217;interessato ha diritto di opporsi, in tutto o in parte:<br \/>\na) per motivi legittimi al trattamento dei dati personali che lo riguardano, ancorch\u00e8 pertinenti allo scopo della raccolta;<br \/>\nb) al trattamento di dati personali che lo riguardano a fini di invio di materiale pubblicitario o di vendita diretta o per il compimento di ricerche di<br \/>\nmercato o di comunicazione commerciale.<br \/>\nI diritti di cui all&#8217;articolo 7 sono esercitati con richiesta rivolta senza formalit\u00e0 al titolare o al responsabile, anche per il tramite di un incaricato, alla quale \u00e8 fornito idoneo riscontro senza ritardo.<br \/>\nLa richiesta rivolta al titolare o al responsabile pu\u00f2 essere trasmessa anche mediante lettera raccomandata, telefax o posta elettronica.<\/p>\n<p><strong>5. Titolare del trattamento<\/strong><br \/>\nIl titolare del trattamento \u00e8 Cisbani Alessio, via Bianchi 8, Fermo<\/p>\n<p>La Casa dell&#8217;Artista<\/p>\n<div id=\"stcpDiv\">\n<h1 class=\"title\">Informativa sull\u2019uso dei cookie<\/h1>\n<p>Il sito web della Casa dell&#8217;Artista utilizza cookie e tecnologie simili per garantire il corretto funzionamento delle procedure e migliorare l\u2019esperienza di uso delle applicazioni online. Il presente documento fornisce informazioni dettagliate sull\u2019uso dei cookie e di tecnologie similari, su come sono utilizzati e su come gestirli.<\/p>\n<h2><a id=\"_Toc401161335\" name=\"_Toc401161335\"><\/a>Definizioni<\/h2>\n<p>I cookie sono brevi frammenti di testo (lettere e\/o numeri) che permettono al server web di memorizzare sul client (il <em>browser<\/em>) informazioni da riutilizzare nel corso della medesima visita al sito (cookie di sessione) o in seguito, anche a distanza di giorni (cookie persistenti). I cookie vengono memorizzati, in base alle preferenze dell\u2019utente, dal singolo <em>browser<\/em> sullo specifico dispositivo utilizzato (computer, tablet, smartphone).<\/p>\n<p>Tecnologie similari, come, ad esempio, web beacon, GIF trasparenti e tutte le forme di <em>storage <\/em>locale introdotte con HTML5, sono utilizzabili per raccogliere informazioni sul comportamento dell\u2019utente e sull\u2019utilizzo dei servizi.<\/p>\n<p>Nel seguito di questo documento faremo riferimento ai cookie e a tutte le tecnologie similari utilizzando semplicemente il termine \u201ccookie\u201d.<\/p>\n<h2><a id=\"_Toc401161336\" name=\"_Toc401161336\"><\/a>Tipologie di cookie<\/h2>\n<p>In base alle caratteristiche e all\u2019utilizzo dei cookie possiamo distinguere diverse categorie:<\/p>\n<ul>\n<li><strong>Cookie strettamente necessari<\/strong>. Si tratta di cookie indispensabili per il corretto funzionamento del sito e sono utilizzati per gestire il login e l\u2019accesso alle funzioni riservate del sito. La durata dei cookie \u00e8 strettamente limitata alla sessione di lavoro (chiuso il <em>browser<\/em> vengono cancellati), mentre per il negozio online si utilizzano cookie di durata pi\u00f9 lunga (con scadenza 30 giorni) volti a riconoscere, per tale limitato periodo, il computer del visitatore \u2013 attraverso un codice alfa-numerico generato alla prima sessione di accesso \u2013 in modo da riproporgli il risultato del test effettuato dall\u2019utente. La loro disattivazione compromette l\u2019utilizzo dei servizi accessibili da <em>login<\/em>.<\/li>\n<li><strong>Cookie di analisi e prestazioni<\/strong>. Sono cookie utilizzati per raccogliere e analizzare il traffico e l\u2019utilizzo del sito in modo anonimo. Questi cookie, pur senza identificare l\u2019utente, consentono, per esempio, di rilevare se il medesimo utente torna a collegarsi in momenti diversi. Permettono inoltre di monitorare il sistema e migliorarne le prestazioni e l\u2019usabilit\u00e0. La disattivazione di tali cookie pu\u00f2 essere eseguita senza alcuna perdita di funzionalit\u00e0.<\/li>\n<li><strong>Cookie di profilazione<\/strong>. Si tratta di cookie permanenti utilizzati per identificare (in modo anonimo e non) le preferenze dell\u2019utente e migliorare la sua esperienza di navigazione. <strong>Il nostro sito non utilizza cookie di questo tipo.<\/strong><\/li>\n<\/ul>\n<h2><a id=\"_Toc401161337\" name=\"_Toc401161337\"><\/a>Cookie di terze parti<\/h2>\n<p>Visitando un sito web si possono ricevere cookie sia dal sito visitato (\u201cproprietari\u201d), sia da siti gestiti da altre organizzazioni (\u201cterze parti\u201d). Un esempio notevole \u00e8 rappresentato dalla presenza dei \u201csocial plugin\u201d per Facebook, Twitter, Google+. Si tratta di parti della pagina visitata generate direttamente dai suddetti siti ed integrati nella pagina del sito ospitante. L\u2019utilizzo pi\u00f9 comune dei <a id=\"_GoBack\" name=\"_GoBack\"><\/a><em>social plugin<\/em> \u00e8 finalizzato alla condivisione dei contenuti sui social network.<\/p>\n<p>La presenza di questi <em>plugin<\/em> comporta la trasmissione di cookie da e verso tutti i siti gestiti da terze parti. La gestione delle informazioni raccolte da \u201cterze parti\u201d \u00e8 \u00a0disciplinata dalle relative informative cui si prega di fare riferimento. Per garantire una maggiore trasparenza e comodit\u00e0, si riportano qui di seguito \u00a0gli indirizzi web delle diverse informative e delle modalit\u00e0 per la gestione dei cookie.<\/p>\n<p>Facebook informativa: <a href=\"https:\/\/www.facebook.com\/help\/cookies\/\">https:\/\/www.facebook.com\/help\/cookies\/<\/a><\/p>\n<p>Facebook (configurazione): accedere al proprio account. Sezione privacy.<\/p>\n<p>Twitter informative: <a href=\"https:\/\/support.twitter.com\/articles\/20170514\">https:\/\/support.twitter.com\/articles\/20170514<\/a><\/p>\n<p>Twitter (configurazione): <a href=\"https:\/\/twitter.com\/settings\/security\">https:\/\/twitter.com\/settings\/security<\/a><\/p>\n<p>Google+ informativa: <a href=\"http:\/\/www.google.it\/intl\/it\/policies\/technologies\/cookies\/\">http:\/\/www.google.it\/intl\/it\/policies\/technologies\/cookies\/<\/a><\/p>\n<p>Google+ (configurazione): <a href=\"http:\/\/www.google.it\/intl\/it\/policies\/technologies\/managing\/\">http:\/\/www.google.it\/intl\/it\/policies\/technologies\/managing\/<\/a><\/p>\n<h3><a id=\"_Toc401161338\" name=\"_Toc401161338\"><\/a>Google Analytics<\/h3>\n<p>Il sito de La Casa dell&#8217;Artista include anche talune componenti trasmesse da Google Analytics, un servizio di analisi del traffico web fornito da Google, Inc. (\u201cGoogle\u201d). Anche in questo caso si tratta di cookie di terze parti raccolti e gestiti in modo anonimo per monitorare e migliorare le prestazioni del sito ospite (performance cookie).<\/p>\n<p>Google Analytics utilizza i \u201ccookie\u201d \u00a0per raccogliere e analizzare in forma anonima le informazioni sui comportamenti di utilizzo del sito de La Casa dell&#8217;Artista (compreso l\u2019indirizzo IP dell\u2019utente). Tali informazioni vengono raccolte da Google Analytics, che le elabora allo scopo di redigere report riguardanti le attivit\u00e0 sui siti web stessi. Questo sito non utilizza (e non consente a terzi di utilizzare) lo strumento di analisi di Google per monitorare o per raccogliere informazioni personali di identificazione. Google non associa l\u2019indirizzo IP a nessun altro dato posseduto da Google n\u00e9 cerca di collegare un indirizzo IP con l\u2019identit\u00e0 di un utente. Google pu\u00f2 anche comunicare queste informazioni a terzi ove ci\u00f2 sia imposto dalla legge o laddove tali terzi trattino le suddette informazioni per conto di Google.<\/p>\n<p>Per ulteriori informazioni, si rinvia al link di seguito indicato:<\/p>\n<p><a href=\"https:\/\/www.google.it\/policies\/privacy\/partners\/\">https:\/\/www.google.it\/policies\/privacy\/partners\/<\/a><\/p>\n<p>L\u2019utente pu\u00f2 disabilitare in modo selettivo l\u2019azione di Google Analytics installando sul proprio <em>browser<\/em> la componente di <em>opt-out<\/em> fornito da Google. Per disabilitare l\u2019azione di Google Analytics, si rinvia al link di seguito indicato:<\/p>\n<p><a href=\"https:\/\/tools.google.com\/dlpage\/gaoptout\">https:\/\/tools.google.com\/dlpage\/gaoptout<\/a><\/p>\n<h2><a id=\"_Toc401161339\" name=\"_Toc401161339\"><\/a>Durata dei cookie<\/h2>\n<p>Alcuni cookie (cookie di sessione) restano attivi solo fino alla chiusura del <em>browser<\/em> o all\u2019esecuzione del comando di <em>logout<\/em>. Altri cookie \u201csopravvivono\u201d alla chiusura del <em>browser<\/em> e sono disponibili anche in successive visite dell\u2019utente.<\/p>\n<p>Questi cookie sono detti persistenti e la loro durata \u00e8 fissata dal server al momento della loro creazione. In alcuni casi \u00e8 fissata una scadenza, in altri casi la durata \u00e8 illimitata.<\/p>\n<p>Il sito de La Casa dell&#8217;Artista <strong>non fa uso di cookie persistenti<\/strong>.<\/p>\n<p>Tuttavia, navigando sulle pagine dei sito web , si pu\u00f2 interagire con siti gestiti da terze parti che possono creare o modificare cookie permanenti e di profilazione.<\/p>\n<h2><a id=\"_Toc401161340\" name=\"_Toc401161340\"><\/a>Gestione dei cookie<\/h2>\n<p>L\u2019utente pu\u00f2 decidere se accettare o meno i cookie utilizzando le impostazioni del proprio <em>browser<\/em>.<\/p>\n<p><strong>Attenzione<\/strong>: la disabilitazione totale o parziale dei cookie tecnici pu\u00f2 compromettere l\u2019utilizzo delle funzionalit\u00e0 del sito riservate agli utenti registrati. Al contrario, la fruibilit\u00e0 dei contenuti pubblici \u00e8 possibile anche disabilitando completamente i cookie.<\/p>\n<p>La disabilitazione dei cookie \u201cterze parti\u201d non pregiudica in alcun modo la navigabilit\u00e0.<\/p>\n<p>L\u2019impostazione pu\u00f2 essere definita in modo specifico per i diversi siti e applicazioni web. Inoltre i migliori <em>browser<\/em> consentono di definire impostazioni diverse per i cookie \u201cproprietari\u201d e per quelli di \u201cterze parti\u201d.<\/p>\n<p>A titolo di esempio, in Firefox, attraverso il menu <em>Strumenti-&gt;Opzioni -&gt;Privacy<\/em>, \u00e8 possibile accedere ad un pannello di controllo dove \u00e8 possibile definire se accettare o meno i diversi tipi di cookie e procedere alla loro rimozione.<\/p>\n<p>Chrome: <a href=\"https:\/\/support.google.com\/chrome\/answer\/95647?hl=it\">https:\/\/support.google.com\/chrome\/answer\/95647?hl=it<\/a><\/p>\n<p>Firefox: <a href=\"https:\/\/support.mozilla.org\/it\/kb\/Gestione%20dei%20cookie\">https:\/\/support.mozilla.org\/it\/kb\/Gestione%20dei%20cookie<\/a><\/p>\n<p>Internet Explorer: <a href=\"http:\/\/windows.microsoft.com\/it-it\/windows7\/how-to-manage-cookies-in-internet-explorer-9\">http:\/\/windows.microsoft.com\/it-it\/windows7\/how-to-manage-cookies-in-internet-explorer-9<\/a><\/p>\n<\/div>\n","protected":false},"excerpt":{"rendered":"<p>INFORMATIVA AI SENSI ART. 13 DECRETO LEGISLATIVO 196\/2003 Ai sensi dell&#8217;articolo 13 del Decreto Legislativo n.196\/2003, La informiamo che: 1. tratteremo le informazioni forniteci per predisporre il preventivo richiesto; 2. i dati non saranno oggetto di diffusione ovvero di comunicazione ad altre societ\u00e0; 3. i dati potranno essere utilizzati per inviarvi materiale e\/o offerte da [&hellip;]<\/p>\n","protected":false},"author":1,"featured_media":0,"parent":0,"menu_order":0,"comment_status":"closed","ping_status":"open","template":"","meta":{"ngg_post_thumbnail":0,"footnotes":""},"class_list":["post-471","page","type-page","status-publish","hentry"],"_links":{"self":[{"href":"https:\/\/www.lacasadellartista.com\/blog\/wp-json\/wp\/v2\/pages\/471","targetHints":{"allow":["GET"]}}],"collection":[{"href":"https:\/\/www.lacasadellartista.com\/blog\/wp-json\/wp\/v2\/pages"}],"about":[{"href":"https:\/\/www.lacasadellartista.com\/blog\/wp-json\/wp\/v2\/types\/page"}],"author":[{"embeddable":true,"href":"https:\/\/www.lacasadellartista.com\/blog\/wp-json\/wp\/v2\/users\/1"}],"replies":[{"embeddable":true,"href":"https:\/\/www.lacasadellartista.com\/blog\/wp-json\/wp\/v2\/comments?post=471"}],"version-history":[{"count":4,"href":"https:\/\/www.lacasadellartista.com\/blog\/wp-json\/wp\/v2\/pages\/471\/revisions"}],"predecessor-version":[{"id":734,"href":"https:\/\/www.lacasadellartista.com\/blog\/wp-json\/wp\/v2\/pages\/471\/revisions\/734"}],"wp:attachment":[{"href":"https:\/\/www.lacasadellartista.com\/blog\/wp-json\/wp\/v2\/media?parent=471"}],"curies":[{"name":"wp","href":"https:\/\/api.w.org\/{rel}","templated":true}]}}