{"id":78,"date":"2011-07-02T18:59:03","date_gmt":"2011-07-02T17:59:03","guid":{"rendered":"http:\/\/www.lacasadellartista.com\/blog\/?page_id=78"},"modified":"2011-07-12T09:22:59","modified_gmt":"2011-07-12T08:22:59","slug":"guest-house","status":"publish","type":"page","link":"https:\/\/www.lacasadellartista.com\/blog\/it\/vi-offriamo\/guest-house\/","title":{"rendered":"guest house"},"content":{"rendered":"\n<div style=\"\">\n<g:plusone size=\"standard\" count=\"true\"><\/g:plusone>\n<\/div>\n<p style=\"text-align: left;\"><strong>La Casa dell&#8217;Artista<\/strong>, oltre che essere Bed&amp;Breakfast \u00e8 anche una meravigliosa <strong>casa vacanze<\/strong>, luogo ideale dove potervi rilassare, senza alcun vincolo di orario nella tranquillit\u00e0 della provincia marchigiana.<a href=\"http:\/\/www.lacasadellartista.com\/blog\/wp-content\/uploads\/2011\/07\/soggiorno1.jpg\"><img loading=\"lazy\" class=\"alignleft size-thumbnail wp-image-127\" title=\"la cucina e il soggiorno\" src=\"http:\/\/www.lacasadellartista.com\/blog\/wp-content\/uploads\/2011\/07\/soggiorno1-202x300.jpg\" alt=\"\" width=\"202\" height=\"300\" srcset=\"https:\/\/www.lacasadellartista.com\/blog\/wp-content\/uploads\/2011\/07\/soggiorno1-202x300.jpg 202w, https:\/\/www.lacasadellartista.com\/blog\/wp-content\/uploads\/2011\/07\/soggiorno1.jpg 539w\" sizes=\"(max-width: 202px) 100vw, 202px\" \/><\/a> (<a title=\"tariffe e condizioni\" href=\"http:\/\/www.lacasadellartista.com\/blog\/it\/tariffe\/\"><strong>clicca qui per tariffe e condizioni<\/strong><\/a>)<\/p>\n<p style=\"text-align: left;\"><strong>La cucina<\/strong> ha tutto quanto necessario per preparare i vostri pranzi, cene e colazioni. Non mancano ovviamente, oltre alla tradizionale &#8220;cucina economica&#8221;\u00a0 dotata di un ampio forno, il microonde e la macchina espresso.<\/p>\n<p style=\"text-align: left;\"><strong>Il salone<\/strong> \u00e8 la zona &#8220;relax&#8221; per eccellenza della Casa. Qui potrete trascorrere i vostri momenti di riposo circondati da dipinti e sculture.<a href=\"http:\/\/www.lacasadellartista.com\/blog\/wp-content\/uploads\/2011\/07\/salone1.jpg\"><img loading=\"lazy\" class=\"size-medium wp-image-128 alignright\" title=\"il salone\" src=\"http:\/\/www.lacasadellartista.com\/blog\/wp-content\/uploads\/2011\/07\/salone1-300x184.jpg\" alt=\"\" width=\"240\" height=\"147\" srcset=\"https:\/\/www.lacasadellartista.com\/blog\/wp-content\/uploads\/2011\/07\/salone1-300x184.jpg 300w, https:\/\/www.lacasadellartista.com\/blog\/wp-content\/uploads\/2011\/07\/salone1.jpg 800w\" sizes=\"(max-width: 240px) 100vw, 240px\" \/><\/a><br \/>\nDurante la stagione fredda il caminetto (ingegnosamente aperto sui due lati, per riscaldare anche il soggiorno) dar\u00e0 quel tocco in pi\u00f9 alle vostre serate invernali. La magia del fuoco acceso e della neve che cade (a Fermo non \u00e8 insolito che arrivi proprio durante le festivit\u00e0 Natalizie) vi doner\u00e0 un&#8217;atmosfera davvero suggestiva ed indimenticabile.<\/p>\n<p style=\"text-align: left;\">Dal salone si accede al <strong>balcone<\/strong> che \u00e8 un vero e proprio &#8220;belvedere&#8221; sulle Marche. La magnifica esposizione verso Sud, permette di godere di un panorama mozzafiato. Di fronte a voi si distende la campagna marchigiana, un mosaico di verde e giallo che accompagna lo sguardo fino all&#8217;orizzonte.<br \/>\nA completare il colpo d&#8217;occhio, d&#8217;estate, alla vostra sinistra l&#8217;azzurro intenso del Mare Adriatico e d&#8217;inverno, alla vostra destra, la lunga catena dei Monti Sibillini innevati. Uno spettacolo davvero unico.<\/p>\n<p style=\"text-align: center;\"><a href=\"http:\/\/www.lacasadellartista.com\/blog\/wp-content\/uploads\/2011\/07\/Panoramica_senza-titolo1.jpg\"><img loading=\"lazy\" class=\"size-thumbnail wp-image-227 aligncenter\" title=\"Panorama\" src=\"http:\/\/www.lacasadellartista.com\/blog\/wp-content\/uploads\/2011\/07\/Panoramica_senza-titolo1-310x150.jpg\" alt=\"\" width=\"310\" height=\"150\" \/><\/a><\/p>\n<p style=\"text-align: center;\">Stessa vista la si pu\u00f2 godere dalle finestre del <strong>soggiorno<\/strong>. Magari durante il vostro pranzo, invece di guardare la TV&#8230;<a href=\"http:\/\/www.lacasadellartista.com\/blog\/wp-content\/uploads\/2011\/07\/soggiorno3.jpg\"><img loading=\"lazy\" class=\"size-medium wp-image-129 aligncenter\" title=\"soggiorno\" src=\"http:\/\/www.lacasadellartista.com\/blog\/wp-content\/uploads\/2011\/07\/soggiorno3-300x176.jpg\" alt=\"\" width=\"300\" height=\"176\" srcset=\"https:\/\/www.lacasadellartista.com\/blog\/wp-content\/uploads\/2011\/07\/soggiorno3-300x176.jpg 300w, https:\/\/www.lacasadellartista.com\/blog\/wp-content\/uploads\/2011\/07\/soggiorno3.jpg 800w\" sizes=\"(max-width: 300px) 100vw, 300px\" \/><\/a><\/p>\n<p>&nbsp;<\/p>\n","protected":false},"excerpt":{"rendered":"<p>La Casa dell&#8217;Artista, oltre che essere Bed&amp;Breakfast \u00e8 anche una meravigliosa casa vacanze, luogo ideale dove potervi rilassare, senza alcun vincolo di orario nella tranquillit\u00e0 della provincia marchigiana. (clicca qui per tariffe e condizioni) La cucina ha tutto quanto necessario per preparare i vostri pranzi, cene e colazioni. Non mancano ovviamente, oltre alla tradizionale &#8220;cucina [&hellip;]<\/p>\n","protected":false},"author":1,"featured_media":0,"parent":45,"menu_order":5,"comment_status":"closed","ping_status":"open","template":"","meta":[],"_links":{"self":[{"href":"https:\/\/www.lacasadellartista.com\/blog\/wp-json\/wp\/v2\/pages\/78"}],"collection":[{"href":"https:\/\/www.lacasadellartista.com\/blog\/wp-json\/wp\/v2\/pages"}],"about":[{"href":"https:\/\/www.lacasadellartista.com\/blog\/wp-json\/wp\/v2\/types\/page"}],"author":[{"embeddable":true,"href":"https:\/\/www.lacasadellartista.com\/blog\/wp-json\/wp\/v2\/users\/1"}],"replies":[{"embeddable":true,"href":"https:\/\/www.lacasadellartista.com\/blog\/wp-json\/wp\/v2\/comments?post=78"}],"version-history":[{"count":80,"href":"https:\/\/www.lacasadellartista.com\/blog\/wp-json\/wp\/v2\/pages\/78\/revisions"}],"predecessor-version":[{"id":116,"href":"https:\/\/www.lacasadellartista.com\/blog\/wp-json\/wp\/v2\/pages\/78\/revisions\/116"}],"up":[{"embeddable":true,"href":"https:\/\/www.lacasadellartista.com\/blog\/wp-json\/wp\/v2\/pages\/45"}],"wp:attachment":[{"href":"https:\/\/www.lacasadellartista.com\/blog\/wp-json\/wp\/v2\/media?parent=78"}],"curies":[{"name":"wp","href":"https:\/\/api.w.org\/{rel}","templated":true}]}}