{"id":88,"date":"2011-07-02T19:09:07","date_gmt":"2011-07-02T18:09:07","guid":{"rendered":"http:\/\/www.lacasadellartista.com\/blog\/?page_id=88"},"modified":"2011-09-20T12:26:39","modified_gmt":"2011-09-20T11:26:39","slug":"bb","status":"publish","type":"page","link":"https:\/\/www.lacasadellartista.com\/blog\/it\/vi-offriamo\/bb\/","title":{"rendered":"B&#038;B"},"content":{"rendered":"\n<div style=\"\">\n<g:plusone size=\"standard\" count=\"true\"><\/g:plusone>\n<\/div>\n<p style=\"text-align: justify;\"><img loading=\"lazy\" decoding=\"async\" class=\"size-full wp-image-451 alignnone\" title=\"colazione\" src=\"http:\/\/www.lacasadellartista.com\/blog\/wp-content\/uploads\/2011\/07\/colazione.jpg\" alt=\"\" width=\"248\" height=\"248\" srcset=\"https:\/\/www.lacasadellartista.com\/blog\/wp-content\/uploads\/2011\/07\/colazione.jpg 350w, https:\/\/www.lacasadellartista.com\/blog\/wp-content\/uploads\/2011\/07\/colazione-300x300.jpg 300w\" sizes=\"auto, (max-width: 248px) 100vw, 248px\" \/>La Casa dell&#8217;Artista, \u00e8 un accogliente <strong>Bed&amp;Breakfast<\/strong>, dotato di due camere da letto e due bagni, per ospitare comodamente fino a 6 persone. (<a title=\"tariffe e condizioni\" href=\"http:\/\/www.lacasadellartista.com\/blog\/it\/tariffe\/\"><strong>clicca qui per tariffe e condizioni<\/strong><\/a>). La ricca\u00a0 <strong>colazione <\/strong>\u00e8 di tipo continentale e comprende caff\u00e9, the o cappuccino, latte e cereali, succhi di frutta, marmellate, miele, burro, pane fresco o brioches, frutta fresca, fette biscottate.\n<\/p>\n<p>&nbsp;<\/p>\n<p>&nbsp;<\/p>\n<div class=\"mceTemp\" style=\"text-align: justify;\">\n<dl class=\"wp-caption alignright\" style=\"width: 320px;\">\n<dt class=\"wp-caption-dt\"><a href=\"http:\/\/www.lacasadellartista.com\/blog\/wp-content\/uploads\/2011\/07\/turchese2.jpg\"><img loading=\"lazy\" decoding=\"async\" class=\"size-thumbnail wp-image-200 \" title=\"camera turchese\" src=\"http:\/\/www.lacasadellartista.com\/blog\/wp-content\/uploads\/2011\/07\/turchese2-310x150.jpg\" alt=\"\" width=\"310\" height=\"150\" \/><\/a><\/dt>\n<\/dl>\n<p><strong><br \/>\n<\/strong><\/p>\n<\/div>\n<h3 style=\"text-align: justify;\"><strong>La Camera Turchese<\/strong><\/h3>\n<p style=\"text-align: justify;\">E&#8217; la camera pi\u00f9 grande, con due ampie finestre, tre armadi e una cassettiera.<\/p>\n<p style=\"text-align: justify;\">Vi si trovano un letto a due piazze e un divano-letto da una piazza e mezza. All&#8217;occorrenza pu\u00f2 essere aggiunto un altro posto letto<strong>.<\/strong><\/p>\n<div style=\"width: 320px\" class=\"wp-caption alignright\"><a href=\"http:\/\/www.lacasadellartista.com\/blog\/wp-content\/uploads\/2011\/07\/arancio1.jpg\"><img loading=\"lazy\" decoding=\"async\" class=\"size-thumbnail wp-image-204   \" title=\"camera Girasole\" src=\"http:\/\/www.lacasadellartista.com\/blog\/wp-content\/uploads\/2011\/07\/arancio1-310x150.jpg\" alt=\"\" width=\"310\" height=\"150\" \/><\/a><\/dt>\n<\/dl>\n<p><strong><br \/>\n<\/strong><\/p>\n<\/div>\n<h3 style=\"text-align: justify;\"><strong>La Camera Girasole<\/strong><\/h3>\n<p style=\"text-align: justify;\">La camera pi\u00f9 piccola, capace di ospitare due persone, a scelta in un letto a due piazze o con due letti singoli.<\/p>\n<p>&nbsp;<\/p>\n<div class=\"mceTemp\">\n<dl id=\"attachment_220\" class=\"wp-caption alignright\" style=\"width: 320px;\">\n<dt class=\"wp-caption-dt\"><a href=\"http:\/\/www.lacasadellartista.com\/blog\/wp-content\/uploads\/2011\/07\/bagno1.jpg\"><img loading=\"lazy\" decoding=\"async\" class=\"size-thumbnail wp-image-220 \" title=\"bagno\" src=\"http:\/\/www.lacasadellartista.com\/blog\/wp-content\/uploads\/2011\/07\/bagno1-310x150.jpg\" alt=\"\" width=\"310\" height=\"150\" \/><\/a><p class=\"wp-caption-text\">Bagno principale<\/p><\/div>\n<p>&nbsp;<\/p>\n<h3><strong>I bagni<\/strong><\/h3>\n<p><strong><br \/>\n<\/strong>Il bagno pi\u00f9 grande \u00e8 anche la parte pi\u00f9 &#8220;vintage&#8221; della casa. Infatti, dove possibile, sono state conservate le finiture anni &#8217;50 di quando \u00e8 stato costruito.<\/p>\n<p>I sanitari sono stati sostituiti con dei modelli pi\u00f9 moderni, ma nello stesso stile &#8220;Old England&#8221; di quelli originali. Il bagno &#8220;di servizio&#8221; \u00e8 piccolo ma dotato di tutto quanto occorre: doccia, water-bidet, lavabo e specchio.<\/p>\n<div id=\"attachment_235\" style=\"width: 320px\" class=\"wp-caption alignright\"><a href=\"http:\/\/www.lacasadellartista.com\/blog\/wp-content\/uploads\/2011\/07\/bagno0.jpg\"><img loading=\"lazy\" decoding=\"async\" aria-describedby=\"caption-attachment-235\" class=\"size-thumbnail wp-image-235\" title=\"bagno principale\" src=\"http:\/\/www.lacasadellartista.com\/blog\/wp-content\/uploads\/2011\/07\/bagno0-310x150.jpg\" alt=\"\" width=\"310\" height=\"150\" \/><\/a><p id=\"caption-attachment-235\" class=\"wp-caption-text\">Bagno principale<\/p><\/div>\n","protected":false},"excerpt":{"rendered":"<p>La Casa dell&#8217;Artista, \u00e8 un accogliente Bed&amp;Breakfast, dotato di due camere da letto e due bagni, per ospitare comodamente fino a 6 persone. (clicca qui per tariffe e condizioni). La ricca\u00a0 colazione \u00e8 di tipo continentale e comprende caff\u00e9, the o cappuccino, latte e cereali, succhi di frutta, marmellate, miele, burro, pane fresco o brioches, [&hellip;]<\/p>\n","protected":false},"author":1,"featured_media":0,"parent":45,"menu_order":4,"comment_status":"closed","ping_status":"open","template":"","meta":{"ngg_post_thumbnail":0,"footnotes":""},"class_list":["post-88","page","type-page","status-publish","hentry"],"_links":{"self":[{"href":"https:\/\/www.lacasadellartista.com\/blog\/wp-json\/wp\/v2\/pages\/88","targetHints":{"allow":["GET"]}}],"collection":[{"href":"https:\/\/www.lacasadellartista.com\/blog\/wp-json\/wp\/v2\/pages"}],"about":[{"href":"https:\/\/www.lacasadellartista.com\/blog\/wp-json\/wp\/v2\/types\/page"}],"author":[{"embeddable":true,"href":"https:\/\/www.lacasadellartista.com\/blog\/wp-json\/wp\/v2\/users\/1"}],"replies":[{"embeddable":true,"href":"https:\/\/www.lacasadellartista.com\/blog\/wp-json\/wp\/v2\/comments?post=88"}],"version-history":[{"count":78,"href":"https:\/\/www.lacasadellartista.com\/blog\/wp-json\/wp\/v2\/pages\/88\/revisions"}],"predecessor-version":[{"id":168,"href":"https:\/\/www.lacasadellartista.com\/blog\/wp-json\/wp\/v2\/pages\/88\/revisions\/168"}],"up":[{"embeddable":true,"href":"https:\/\/www.lacasadellartista.com\/blog\/wp-json\/wp\/v2\/pages\/45"}],"wp:attachment":[{"href":"https:\/\/www.lacasadellartista.com\/blog\/wp-json\/wp\/v2\/media?parent=88"}],"curies":[{"name":"wp","href":"https:\/\/api.w.org\/{rel}","templated":true}]}}